{"id":30,"date":"2013-10-22T03:01:52","date_gmt":"2013-10-22T03:01:52","guid":{"rendered":"http:\/\/www.adeomrocha.com.uy\/?page_id=30"},"modified":"2025-01-14T15:53:39","modified_gmt":"2025-01-14T15:53:39","slug":"directiva","status":"publish","type":"page","link":"https:\/\/www.adeomrocha.com.uy\/?page_id=30","title":{"rendered":"Directiva"},"content":{"rendered":"\n<p>Per\u00edodo Diciembre 2024\/ Diciembre 2026.<\/p>\n\n\n\n<p>Juan Rodr\u00edguez PRESIDENTE Cel. 091 376577<br>Carlos Echetto VICE-PRESIDENTE<br>Jes\u00fas Ramos SECRETARIO Cel. 091 274 392<br>Yannette Moreno PRO-SECRETARIA<br>Daniel P\u00e9rez TESORERO<br>Mar\u00eda Jos\u00e9 Vigo PRO-TESORERA<br>Marcelo Guerra VOCAL<br>Nelson Alonso VOCAL<br>John Pereyra VOCAL<br>Milton M\u00e9ndez VOCAL<br>Gladys Hern\u00e1ndez VOCAL<\/p>\n\n\n\n<p><\/p>\n\n\n\n<p><\/p>\n\n\n\n<p><\/p>\n","protected":false},"excerpt":{"rendered":"<p>Per\u00edodo Diciembre 2024\/ Diciembre 2026. Juan Rodr\u00edguez PRESIDENTE Cel. 091 376577Carlos Echetto VICE-PRESIDENTEJes\u00fas Ramos SECRETARIO Cel. 091 274 392Yannette Moreno PRO-SECRETARIADaniel P\u00e9rez TESOREROMar\u00eda Jos\u00e9 Vigo PRO-TESORERAMarcelo Guerra VOCALNelson Alonso VOCALJohn Pereyra VOCALMilton M\u00e9ndez VOCALGladys Hern\u00e1ndez VOCAL<\/p>\n","protected":false},"author":1,"featured_media":0,"parent":100,"menu_order":1,"comment_status":"open","ping_status":"open","template":"","meta":{"footnotes":""},"class_list":["post-30","page","type-page","status-publish","hentry"],"_links":{"self":[{"href":"https:\/\/www.adeomrocha.com.uy\/index.php?rest_route=\/wp\/v2\/pages\/30","targetHints":{"allow":["GET"]}}],"collection":[{"href":"https:\/\/www.adeomrocha.com.uy\/index.php?rest_route=\/wp\/v2\/pages"}],"about":[{"href":"https:\/\/www.adeomrocha.com.uy\/index.php?rest_route=\/wp\/v2\/types\/page"}],"author":[{"embeddable":true,"href":"https:\/\/www.adeomrocha.com.uy\/index.php?rest_route=\/wp\/v2\/users\/1"}],"replies":[{"embeddable":true,"href":"https:\/\/www.adeomrocha.com.uy\/index.php?rest_route=%2Fwp%2Fv2%2Fcomments&post=30"}],"version-history":[{"count":22,"href":"https:\/\/www.adeomrocha.com.uy\/index.php?rest_route=\/wp\/v2\/pages\/30\/revisions"}],"predecessor-version":[{"id":2825,"href":"https:\/\/www.adeomrocha.com.uy\/index.php?rest_route=\/wp\/v2\/pages\/30\/revisions\/2825"}],"up":[{"embeddable":true,"href":"https:\/\/www.adeomrocha.com.uy\/index.php?rest_route=\/wp\/v2\/pages\/100"}],"wp:attachment":[{"href":"https:\/\/www.adeomrocha.com.uy\/index.php?rest_route=%2Fwp%2Fv2%2Fmedia&parent=30"}],"curies":[{"name":"wp","href":"https:\/\/api.w.org\/{rel}","templated":true}]}}