{"id":2598,"date":"2024-07-26T15:44:25","date_gmt":"2024-07-26T15:44:25","guid":{"rendered":"https:\/\/www.adeomrocha.com.uy\/?page_id=2598"},"modified":"2024-08-02T21:52:11","modified_gmt":"2024-08-02T21:52:11","slug":"concursos-de-ascenso-2024","status":"publish","type":"page","link":"https:\/\/www.adeomrocha.com.uy\/?page_id=2598","title":{"rendered":"CONCURSOS DE ASCENSO 2024"},"content":{"rendered":"\n<p>Ac\u00e1 encontrar\u00e1s y podr\u00e1s descargar las Bases Espec\u00edficas para un llamado a Concurso de Ascensos dirigido a funcionarios Presupuestados de la INTENDENCIA DEPARTAMENTAL DE ROCHA, para la provisi\u00f3n de los siguientes cargos:<\/p>\n\n\n\n<p><a href=\"http:\/\/www.adeomrocha.com.uy\/wp-content\/uploads\/2024\/07\/IV-INSPECTOR-DE-OBRAS-C4-3-1.pdf\">BASES ESPEC\u00cdFICAS C. 4 INSPECTOR DE OBRAS <\/a><\/p>\n\n\n\n<p><a href=\"http:\/\/IVI Oficinista 1 C4- 1\">BASES ESPEC\u00cdFICAS OFICINISTA C4 <\/a><\/p>\n\n\n\n<p><a href=\"http:\/\/www.adeomrocha.com.uy\/wp-content\/uploads\/2024\/07\/IV-INSPECTOR-C4-2.pdf\">BASES ESPEC\u00cdFICAS INSPECTOR C-4<\/a><\/p>\n\n\n\n<p><a href=\"http:\/\/www.adeomrocha.com.uy\/wp-content\/uploads\/2024\/07\/V-Jefe-Seccion-Adm-C5-1.pdf\">BASES ESPEC\u00cdFICAS JEFE SECCI\u00d3N ADM. C5<\/a><\/p>\n\n\n\n<p><a href=\"http:\/\/www.adeomrocha.com.uy\/wp-content\/uploads\/2024\/07\/VI-Jefe-DeptoII-Adm-C6-1.pdf\">BASES ESPEC\u00cdFICAS JEFE DE DEPARTAMENTO II ADMINISTRATIVO C6-1<\/a><\/p>\n\n\n\n<p><\/p>\n\n\n\n<p><a href=\"http:\/\/www.adeomrocha.com.uy\/wp-content\/uploads\/2024\/07\/IX-Director-Div-Adm-Ingresso-D9-1.pdf\">BASES ESPEC\u00cdFICAS DIRECTOR DE DIVISI\u00d3N ADMINISTRATIVO D9-1<\/a><\/p>\n\n\n\n<p><a href=\"http:\/\/www.adeomrocha.com.uy\/wp-content\/uploads\/2024\/07\/IX-Director-Div-Adm-Gestion-Amb-D9-2.pdf\">BASES ESPEC\u00cdFICAS DIRECTOR DE DIVISI\u00d3N ADMINISTRATIVO D9-2<\/a><\/p>\n\n\n\n<p>Operarios Especializados<br><a href=\"http:\/\/www.adeomrocha.com.uy\/wp-content\/uploads\/2024\/07\/Herrero-II-E3-1.pdf\">BASES ESPEC\u00cdFICAS HERRERO II- E3-1<\/a><\/p>\n\n\n\n<p><a href=\"http:\/\/www.adeomrocha.com.uy\/wp-content\/uploads\/2024\/07\/III-PINTOR-DE-OBRA-E3-2.pdf\">BASES ESPEC\u00cdFICAS PINTOR DE OBRA E3-2<\/a><\/p>\n\n\n\n<p><a href=\"http:\/\/www.adeomrocha.com.uy\/wp-content\/uploads\/2024\/07\/III-ALBANIL-E3-3.pdf\">BASES ESPEC\u00cdFICAS ALBA\u00d1IL <\/a><\/p>\n\n\n\n<p>Operativos grado 4<\/p>\n\n\n\n<p><a href=\"http:\/\/www.adeomrocha.com.uy\/wp-content\/uploads\/2024\/07\/IV-CARPINTERO-O4-4.pdf\">BASES ESPEC\u00cdFICAS  CARPINTERO <\/a><\/p>\n\n\n\n<p><a href=\"http:\/\/www.adeomrocha.com.uy\/wp-content\/uploads\/2024\/07\/IV-ELECTRICISTA-AUTOMOTRIZ-O4-9.pdf\">BASES ESPEC\u00cdFICAS ELECTRICISTA AUTOMOTRIZ O4-9<\/a><\/p>\n\n\n\n<p><a href=\"http:\/\/www.adeomrocha.com.uy\/wp-content\/uploads\/2024\/07\/IV-Capataz-O4-1.pdf\">BASES ESPEC\u00cdFICAS CAPATAZ <\/a><\/p>\n\n\n\n<p><a href=\"http:\/\/www.adeomrocha.com.uy\/wp-content\/uploads\/2024\/07\/IV-CHOFER-O4-3.pdf\">BASES ESPEC\u00cdFICAS CHOFER <\/a><\/p>\n\n\n\n<p><a href=\"http:\/\/www.adeomrocha.com.uy\/wp-content\/uploads\/2024\/07\/IV-ALBANIL-I-O4-11.pdf\">BASES ESPEC\u00cdFICAS ALBA\u00d1IL <\/a><\/p>\n\n\n\n<p><a href=\"http:\/\/www.adeomrocha.com.uy\/wp-content\/uploads\/2024\/07\/IV-HERRERO-I-O4-10.pdf\">BASES ESPEC\u00cdFICAS HERRERO<\/a><\/p>\n\n\n\n<p><a href=\"http:\/\/www.adeomrocha.com.uy\/wp-content\/uploads\/2024\/07\/IV-ELECTRICISTA-O4-5.pdf\">BASES ESPEC\u00cdFICAS ELECTRICISTA<\/a><\/p>\n\n\n\n<p><a href=\"http:\/\/www.adeomrocha.com.uy\/wp-content\/uploads\/2024\/07\/IV-MECANICO-AUTOMOTRIZ-O4-8.pdf\">BASES ESPEC\u00cdFICAS MECANICO AUTOMOTRIZ<\/a><\/p>\n\n\n\n<p><a href=\"http:\/\/www.adeomrocha.com.uy\/wp-content\/uploads\/2024\/07\/IV-MECANICO-TORNERO-O4-7.pdf\">BASES ESPEC\u00cdFICAS MECANICO TORNERO <\/a><\/p>\n\n\n\n<p><a href=\"http:\/\/www.adeomrocha.com.uy\/wp-content\/uploads\/2024\/07\/IV-Maquinista-O4-2.pdf\">BASES ESPEC\u00cdFICAS MAQUINISTA <\/a><\/p>\n\n\n\n<p><a href=\"http:\/\/www.adeomrocha.com.uy\/wp-content\/uploads\/2024\/07\/IV-SONIDISTA-E4-1.pdf\">BASES ESPEC\u00cdFICAS SONIDISTA <\/a><\/p>\n\n\n\n<p><a href=\"http:\/\/www.adeomrocha.com.uy\/wp-content\/uploads\/2024\/07\/IV-TECNICO-EN-REFRIGERACION-O4-6.pdf\">BASES ESPEC\u00cdFICAS T\u00c9CNICO EN REFRIGERACI\u00d3N <\/a><\/p>\n\n\n\n<p>OPERATIVOS GRADO 5<\/p>\n\n\n\n<p><a href=\"http:\/\/www.adeomrocha.com.uy\/wp-content\/uploads\/2024\/07\/V-Capataz-General-O5-1.pdf\">BASES ESPEC\u00cdFICAS CAPATAZ GENERAL <\/a><\/p>\n\n\n\n<p><a href=\"http:\/\/www.adeomrocha.com.uy\/wp-content\/uploads\/2024\/07\/V-Jefe-de-Seccion-Operativo-O5-2.pdf\">BASES ESPEC\u00cdFICAS JEFE DE SECCI\u00d3N OPERATIVO<\/a><\/p>\n\n\n\n<p><a href=\"http:\/\/www.adeomrocha.com.uy\/wp-content\/uploads\/2024\/08\/V.-MAESTRO-SUB-DIRECTOR-E5-1.pdf\">BASES ESPEC\u00cdFICAS V. MAESTRO SUB-DIRECTOR E5-1<\/a><\/p>\n\n\n\n<p><a href=\"http:\/\/www.adeomrocha.com.uy\/wp-content\/uploads\/2024\/08\/V-TECNICO-SANITARIO-B5-1.pdf\">V TECNICO SANITARIO B5- 1<\/a><\/p>\n\n\n\n<p> OPERATIVO GRADO 6 <\/p>\n\n\n\n<p><a href=\"http:\/\/www.adeomrocha.com.uy\/wp-content\/uploads\/2024\/07\/VI-Jefe-DeptoII-operativo-O6-1.pdf\">BASES ESPEC\u00cdFICAS JEFE DEPARTAMENTO OPERATIVOS<\/a><\/p>\n\n\n\n<p>ADMINISTRATIVOS GRADO 6<\/p>\n\n\n\n<p><a href=\"http:\/\/www.adeomrocha.com.uy\/wp-content\/uploads\/2024\/07\/VI-Programador-B6-2.pdf\">BASES ESPEC\u00cdFICAS PROGRAMADOR C6<\/a><\/p>\n\n\n\n<p>ADMINISTRATIVOS GRADO 7<br><a href=\"http:\/\/www.adeomrocha.com.uy\/wp-content\/uploads\/2024\/07\/VII-Jefe-Depto-1-Adm-C7-1.pdf\">BASES ESPEC\u00cdFICAS JEFE DE DEPARTAMENTO I ADMINISTRATIVO C7-1<\/a><\/p>\n\n\n\n<p><a href=\"http:\/\/www.adeomrocha.com.uy\/wp-content\/uploads\/2024\/07\/VII-Jefe-Depto-1-Adm-C7-2.pdf\">BASES ESPEC\u00cdFICAS JEFE DE DEPARTAMENTO I ADMINISTRATIVO C7-2<\/a><\/p>\n\n\n\n<p><a href=\"http:\/\/www.adeomrocha.com.uy\/wp-content\/uploads\/2024\/07\/VII-Jefe-Depto-1-Adm-C7-3.pdf\">BASES ESPEC\u00cdFICAS JEFE DE DEPARTAMENTO I ADMINISTRATIVO C7-3<\/a><\/p>\n\n\n\n<p><a href=\"http:\/\/www.adeomrocha.com.uy\/wp-content\/uploads\/2024\/07\/VII-Jefe-Depto-1-Adm-C7-4.pdf\">BASES ESPEC\u00cdFICAS JEFE DE DEPARTAMENTO I ADMINISTRATIVO C7-4<\/a><\/p>\n\n\n\n<p><a href=\"http:\/\/www.adeomrocha.com.uy\/wp-content\/uploads\/2024\/07\/VII-Jefe-Depto-1-Adm-C7-5.pdf\">BASES ESPEC\u00cdFICAS JEFE DE DEPARTAMENTO I ADMINISTRATIVO C7-5<\/a><\/p>\n\n\n\n<p><a href=\"http:\/\/www.adeomrocha.com.uy\/wp-content\/uploads\/2024\/07\/VII-Jefe-Depto-1-Adm-C7-6.pdf\">BASES ESPEC\u00cdFICAS JEFE DE DEPARTAMENTO I ADMINISTRATIVO C7-6<\/a> <\/p>\n\n\n\n<p>T\u00c9CNICO GRADO 8<\/p>\n\n\n\n<p><a href=\"http:\/\/www.adeomrocha.com.uy\/wp-content\/uploads\/2024\/07\/VIIIJefe-Depto-1-Tecnico-A8-1.pdf\">BASES ESPEC\u00cdFICAS JEFE DEPARTAMENTO T\u00c9CNICO A8<\/a><\/p>\n\n\n\n<p><a href=\"http:\/\/www.adeomrocha.com.uy\/wp-content\/uploads\/2024\/07\/VIII-Jefe-Depto-1-Tecnico-A8-2.pdf\">BASES ESPEC\u00cdFICAS JEFE DEPARTAMENTO T\u00c9CNICO A8 2<\/a><\/p>\n\n\n\n<p><a href=\"http:\/\/www.adeomrocha.com.uy\/wp-content\/uploads\/2024\/07\/VIII-Jefe-Depto-1-Tecnico-A8-3.pdf\">BASES ESPEC\u00cdFICAS JEFE DEPARTAMENTO T\u00c9CNICO A8 3<\/a><\/p>\n\n\n\n<p><a href=\"http:\/\/www.adeomrocha.com.uy\/wp-content\/uploads\/2024\/07\/VIII-Jefe-Depto-1-Tecnico-A8-4.pdf\">BASES ESPEC\u00cdFICAS JEFE DEPARTAMENTO T\u00c9CNICO A8 4<\/a><\/p>\n\n\n\n<p><a href=\"http:\/\/www.adeomrocha.com.uy\/wp-content\/uploads\/2024\/07\/VIII-Jefe-Depto-1-Tecnico-A8-5.pdf\">BASES ESPEC\u00cdFICAS JEFE DE DEPARTAMENTO T\u00c9CNICO A8 5<\/a><\/p>\n\n\n\n<p><a href=\"http:\/\/www.adeomrocha.com.uy\/wp-content\/uploads\/2024\/07\/VIII-Jefe-Depto-1-Tecnico-B8-1.pdf\">BASES ESPEC\u00cdFICAS JEFE DEPARTAMENTO T\u00c9CNICO B81<\/a><\/p>\n\n\n\n<p><a href=\"http:\/\/www.adeomrocha.com.uy\/wp-content\/uploads\/2024\/07\/VIII-Jefe-Depto-1-Tecnico-B8-2.pdf\">BASES ESPEC\u00cdFICAS JEFE DEPARTAMENTO T\u00c9CNICO B8 2<\/a>  <\/p>\n\n\n\n<p>T\u00c9CNICO GRADO 9<\/p>\n\n\n\n<p><a href=\"http:\/\/www.adeomrocha.com.uy\/wp-content\/uploads\/2024\/07\/IX-Director-Div-Tecnico-Obras-Ingeniero-D9-7-1.pdf\">BASES ESPEC\u00cdFICAS T\u00c9CNICO GRADO 9 7<\/a><\/p>\n\n\n\n<p><a href=\"http:\/\/www.adeomrocha.com.uy\/wp-content\/uploads\/2024\/07\/IX-Director-Div-Tecnico-Contador-D9-3.pdf\">BASES ESPEC\u00cdFICAS DIRECTOR DE DIVISI\u00d3N T\u00c9CNICO D9-3<br>CONTADOR<\/a><\/p>\n\n\n\n<p><a href=\"http:\/\/www.adeomrocha.com.uy\/wp-content\/uploads\/2024\/07\/IX-Director-Div-Tecnico-Sistemas-ingeniero-D9-4.pdf\">BASES ESPEC\u00cdFICAS DIRECTOR DIV. T\u00c9CNICO SISTEMAS INGENIERO D9 4  <\/a><\/p>\n\n\n\n<p><a href=\"http:\/\/www.adeomrocha.com.uy\/wp-content\/uploads\/2024\/07\/IX-Director-Div-Tecnico-Ordenamiento-D9-5.pdf\">BASES ESPEC\u00cdFICAS  DIRECTOR DIV. T\u00c9CNICO ORDENAMIENTO D9 5<\/a><\/p>\n\n\n\n<p><a href=\"http:\/\/www.adeomrocha.com.uy\/wp-content\/uploads\/2024\/07\/IX-Director-Div-Prof-Juridica-D9-6.pdf\">BASES ESPEC\u00cdFICAS DIRECTOR DIV. PROF. JUR\u00cdDICA D9 6<\/a><\/p>\n\n\n\n<p><a href=\"http:\/\/www.adeomrocha.com.uy\/wp-content\/uploads\/2024\/07\/IX-Director-Div-Tecnico-Obras-Ingeniero-D9-7-1.pdf\">BASES ESPEC\u00cdFICAS DIRECTOR T\u00c9CNICO DE OBRAS INGENIERO  <\/a><\/p>\n\n\n\n<p><a href=\"http:\/\/www.adeomrocha.com.uy\/wp-content\/uploads\/2024\/08\/IX-Director-Div-Adm-Gestion-Amb-D9-2.pdf\">BASES ESPEC\u00cdFICAS IX Director Div Adm Gestion Amb D9 2<\/a><\/p>\n\n\n\n<p><a href=\"http:\/\/www.adeomrocha.com.uy\/wp-content\/uploads\/2024\/08\/IX-Director-Div-Adm-Ingresso-D9-1.pdf\">BASES ESPEC\u00cdFICAS IX Director Div Adm Ingresso D9 1<\/a><\/p>\n","protected":false},"excerpt":{"rendered":"<p>Ac\u00e1 encontrar\u00e1s y podr\u00e1s descargar las Bases Espec\u00edficas para un llamado a Concurso de Ascensos dirigido a funcionarios Presupuestados de la INTENDENCIA DEPARTAMENTAL DE ROCHA, para la provisi\u00f3n de los siguientes cargos: BASES ESPEC\u00cdFICAS C. 4 INSPECTOR DE OBRAS BASES ESPEC\u00cdFICAS OFICINISTA C4 BASES ESPEC\u00cdFICAS INSPECTOR C-4 BASES ESPEC\u00cdFICAS JEFE SECCI\u00d3N ADM. C5 BASES ESPEC\u00cdFICAS [&hellip;]<\/p>\n","protected":false},"author":1,"featured_media":2568,"parent":0,"menu_order":0,"comment_status":"closed","ping_status":"closed","template":"","meta":{"footnotes":""},"class_list":["post-2598","page","type-page","status-publish","has-post-thumbnail","hentry"],"_links":{"self":[{"href":"https:\/\/www.adeomrocha.com.uy\/index.php?rest_route=\/wp\/v2\/pages\/2598","targetHints":{"allow":["GET"]}}],"collection":[{"href":"https:\/\/www.adeomrocha.com.uy\/index.php?rest_route=\/wp\/v2\/pages"}],"about":[{"href":"https:\/\/www.adeomrocha.com.uy\/index.php?rest_route=\/wp\/v2\/types\/page"}],"author":[{"embeddable":true,"href":"https:\/\/www.adeomrocha.com.uy\/index.php?rest_route=\/wp\/v2\/users\/1"}],"replies":[{"embeddable":true,"href":"https:\/\/www.adeomrocha.com.uy\/index.php?rest_route=%2Fwp%2Fv2%2Fcomments&post=2598"}],"version-history":[{"count":9,"href":"https:\/\/www.adeomrocha.com.uy\/index.php?rest_route=\/wp\/v2\/pages\/2598\/revisions"}],"predecessor-version":[{"id":2657,"href":"https:\/\/www.adeomrocha.com.uy\/index.php?rest_route=\/wp\/v2\/pages\/2598\/revisions\/2657"}],"wp:featuredmedia":[{"embeddable":true,"href":"https:\/\/www.adeomrocha.com.uy\/index.php?rest_route=\/wp\/v2\/media\/2568"}],"wp:attachment":[{"href":"https:\/\/www.adeomrocha.com.uy\/index.php?rest_route=%2Fwp%2Fv2%2Fmedia&parent=2598"}],"curies":[{"name":"wp","href":"https:\/\/api.w.org\/{rel}","templated":true}]}}