{"id":100,"date":"2013-11-27T00:59:33","date_gmt":"2013-11-27T00:59:33","guid":{"rendered":"http:\/\/www.adeomrocha.com.uy\/?page_id=100"},"modified":"2025-01-14T15:54:15","modified_gmt":"2025-01-14T15:54:15","slug":"autoridades","status":"publish","type":"page","link":"https:\/\/www.adeomrocha.com.uy\/?page_id=100","title":{"rendered":"CONFORMACI\u00d3N COMISI\u00d3N DIRECTIVAPer\u00edodo Diciembre 2024\/ Diciembre 2026."},"content":{"rendered":"\n<p>Juan Rodr\u00edguez PRESIDENTE Cel. 091 376577<br>Carlos Echetto VICE-PRESIDENTE<br>Jes\u00fas Ramos SECRETARIO Cel. 091 27 4392<br>Yannette Moreno PRO-SECRETARIA<br>Daniel P\u00e9rez TESORERO<br>Mar\u00eda Jos\u00e9 Vigo PRO-TESORERA<br>Marcelo Guerra VOCAL<br>Nelson Alonso VOCAL<br>John Pereyra VOCAL<br>Milton M\u00e9ndez VOCAL<br>Gladys Hern\u00e1ndez VOCAL<\/p>\n\n\n\n<p>Comisi\u00f3n Fiscal:<br>1) Ana Solana<br>2) Emilio Escobal<br>3) Jos\u00e9 P. Sosa<\/p>\n\n\n\n<p>&nbsp;&nbsp;&nbsp;&nbsp;&nbsp;&nbsp;&nbsp;&nbsp;&nbsp;&nbsp;&nbsp;&nbsp;&nbsp;&nbsp;&nbsp;&nbsp;&nbsp;&nbsp;&nbsp;&nbsp;<\/p>\n\n\n\n<p>&nbsp;&nbsp;&nbsp;&nbsp;&nbsp;&nbsp;&nbsp;&nbsp;&nbsp;&nbsp;&nbsp;&nbsp;&nbsp;&nbsp;&nbsp;&nbsp;&nbsp;&nbsp;&nbsp;&nbsp;&nbsp;<\/p>\n","protected":false},"excerpt":{"rendered":"<p>Juan Rodr\u00edguez PRESIDENTE Cel. 091 376577Carlos Echetto VICE-PRESIDENTEJes\u00fas Ramos SECRETARIO Cel. 091 27 4392Yannette Moreno PRO-SECRETARIADaniel P\u00e9rez TESOREROMar\u00eda Jos\u00e9 Vigo PRO-TESORERAMarcelo Guerra VOCALNelson Alonso VOCALJohn Pereyra VOCALMilton M\u00e9ndez VOCALGladys Hern\u00e1ndez VOCAL Comisi\u00f3n Fiscal:1) Ana Solana2) Emilio Escobal3) Jos\u00e9 P. Sosa &nbsp;&nbsp;&nbsp;&nbsp;&nbsp;&nbsp;&nbsp;&nbsp;&nbsp;&nbsp;&nbsp;&nbsp;&nbsp;&nbsp;&nbsp;&nbsp;&nbsp;&nbsp;&nbsp;&nbsp; &nbsp;&nbsp;&nbsp;&nbsp;&nbsp;&nbsp;&nbsp;&nbsp;&nbsp;&nbsp;&nbsp;&nbsp;&nbsp;&nbsp;&nbsp;&nbsp;&nbsp;&nbsp;&nbsp;&nbsp;&nbsp;<\/p>\n","protected":false},"author":1,"featured_media":0,"parent":0,"menu_order":2,"comment_status":"open","ping_status":"open","template":"","meta":{"footnotes":""},"class_list":["post-100","page","type-page","status-publish","hentry"],"_links":{"self":[{"href":"https:\/\/www.adeomrocha.com.uy\/index.php?rest_route=\/wp\/v2\/pages\/100","targetHints":{"allow":["GET"]}}],"collection":[{"href":"https:\/\/www.adeomrocha.com.uy\/index.php?rest_route=\/wp\/v2\/pages"}],"about":[{"href":"https:\/\/www.adeomrocha.com.uy\/index.php?rest_route=\/wp\/v2\/types\/page"}],"author":[{"embeddable":true,"href":"https:\/\/www.adeomrocha.com.uy\/index.php?rest_route=\/wp\/v2\/users\/1"}],"replies":[{"embeddable":true,"href":"https:\/\/www.adeomrocha.com.uy\/index.php?rest_route=%2Fwp%2Fv2%2Fcomments&post=100"}],"version-history":[{"count":5,"href":"https:\/\/www.adeomrocha.com.uy\/index.php?rest_route=\/wp\/v2\/pages\/100\/revisions"}],"predecessor-version":[{"id":2826,"href":"https:\/\/www.adeomrocha.com.uy\/index.php?rest_route=\/wp\/v2\/pages\/100\/revisions\/2826"}],"wp:attachment":[{"href":"https:\/\/www.adeomrocha.com.uy\/index.php?rest_route=%2Fwp%2Fv2%2Fmedia&parent=100"}],"curies":[{"name":"wp","href":"https:\/\/api.w.org\/{rel}","templated":true}]}}